{"id":1486,"date":"2018-01-31T18:06:55","date_gmt":"2018-01-31T17:06:55","guid":{"rendered":"https:\/\/legaimprovvisazionefirenze.it\/wordpress\/?page_id=1486"},"modified":"2018-01-31T18:06:55","modified_gmt":"2018-01-31T17:06:55","slug":"match-di-improvvisazione-teatrale","status":"publish","type":"page","link":"https:\/\/legaimprovvisazionefirenze.it\/wordpress\/match-di-improvvisazione-teatrale\/","title":{"rendered":"Match di Improvvisazione Teatrale\u00ae"},"content":{"rendered":"<p><strong>&#8220;<em>Non pi\u00f9 ottico ma spacciatore di lenti, per improvvisare occhi contenti, perch\u00e9 le pupille abituate a copiare inventino i mondi sui quali guardare.<\/em>&#8220;<\/strong><br \/>\nda <em>Un ottico<\/em> &#8211; Fabrizio De Andr\u00e9<\/p>\n<p>Il <strong>Match d\u00b4Improvvisazione Teatrale\u00ae<\/strong> \u00e8 attualmente lo spettacolo teatrale pi\u00f9 rappresentato al mondo!<\/p>\n<h4>COME FUNZIONA?<\/h4>\n<p>La scenografia dei match \u00e8 quella di una partita di <strong>hockey su ghiaccio<\/strong>, sport nazionale canadese:<\/p>\n<figure id=\"attachment_1487\" aria-describedby=\"caption-attachment-1487\" style=\"width: 300px\" class=\"wp-caption alignright\"><img loading=\"lazy\" decoding=\"async\" class=\"size-medium wp-image-1487\" src=\"https:\/\/legaimprovvisazionefirenze.it\/wordpress\/wp-content\/uploads\/2018\/01\/patenoire-300x201.jpg\" alt=\"\" width=\"300\" height=\"201\" srcset=\"https:\/\/legaimprovvisazionefirenze.it\/wordpress\/wp-content\/uploads\/2018\/01\/patenoire-300x201.jpg 300w, https:\/\/legaimprovvisazionefirenze.it\/wordpress\/wp-content\/uploads\/2018\/01\/patenoire-768x515.jpg 768w, https:\/\/legaimprovvisazionefirenze.it\/wordpress\/wp-content\/uploads\/2018\/01\/patenoire.jpg 1024w\" sizes=\"(max-width: 300px) 100vw, 300px\" \/><figcaption id=\"caption-attachment-1487\" class=\"wp-caption-text\">http:\/\/www.ulissealbiati.com\/<\/figcaption><\/figure>\n<p><strong>patinoire <\/strong>e <strong>maglie numerate<\/strong> regolamentari!<br \/>\n<strong>Due squadre<\/strong> di giocatori\/attori si contendono la vittoria.<br \/>\nUn <strong>maestro di cerimonia<\/strong> illustra al pubblico le varie fasi dello spettacolo, un <strong>musicista<\/strong> scalda la platea e fa salire la tensione sul palco, un inflessibile <strong>arbitro<\/strong> garantisce la qualit\u00e0 e la correttezza dell&#8217;incontro e detta agli <strong>attori<\/strong> le seguenti condizioni:<\/p>\n<ul>\n<li><strong>Tipo di improvvisazione:<\/strong> <em>comparata<\/em> se le squadre dovranno improvvisare in successione, <em>mista<\/em> se improvviseranno insieme.<\/li>\n<li><strong>Titolo:<\/strong> sconosciuto ai giocatori ed eventualmente proposto dal pubblico.<\/li>\n<li><strong>Numero dei giocatori:<\/strong> illimitato o imposto.<\/li>\n<li><strong>Categoria:<\/strong> lo <em>stile<\/em> pu\u00f2 essere libero oppure in rima, cantato oppure alla maniera di Shakespeare, alla maniera della soap opera&#8230;<\/li>\n<li><strong>Durata:<\/strong> da 30 secondi a 20 minuti.<\/li>\n<\/ul>\n<p>Le squadre hanno <strong>20 secondi<\/strong> per il <em>coaching<\/em>, l&#8217;unico momento &#8220;privato&#8221; per trovare un&#8217;idea di partenza prima di\u00a0lanciarsi nel\u00a0patinoire.<br \/>\nAlla fine di ogni improvvisazione l&#8217;arbitro pu\u00f2 segnalare dei <em>falli<\/em> ed i capitani delle squadre possono chiedere spiegazioni creando un ulteriore momento di spettacolo.<br \/>\n<strong>Il pubblico vota<\/strong> dopo ogni improvvisazione per l&#8217;una o l&#8217;altra squadra, determinando alla fine dell&#8217;incontro\u00a0la squadra\u00a0vincitrice del match!<\/p>\n<h4>CENNI STORICI<\/h4>\n<p>Anno <strong>1977<\/strong>, Montr\u00e9al.<\/p>\n<p><img loading=\"lazy\" decoding=\"async\" class=\"size-medium wp-image-1488 alignleft\" src=\"https:\/\/legaimprovvisazionefirenze.it\/wordpress\/wp-content\/uploads\/2018\/01\/Robert-Gravel1-300x255.jpg\" alt=\"\" width=\"300\" height=\"255\" srcset=\"https:\/\/legaimprovvisazionefirenze.it\/wordpress\/wp-content\/uploads\/2018\/01\/Robert-Gravel1-300x255.jpg 300w, https:\/\/legaimprovvisazionefirenze.it\/wordpress\/wp-content\/uploads\/2018\/01\/Robert-Gravel1-768x653.jpg 768w, https:\/\/legaimprovvisazionefirenze.it\/wordpress\/wp-content\/uploads\/2018\/01\/Robert-Gravel1.jpg 991w\" sizes=\"(max-width: 300px) 100vw, 300px\" \/>Due attori canadesi (<strong>Robert Gravel e Yvon Leduc<\/strong>) con precedenti esperienze nel campo dell\u2019improvvisazione creano una nuova formula di spettacolo: il <strong>Match di Improvvisazione Teatrale<\/strong>, realizzando l\u2019utopia di una performance completamente improvvisata.<br \/>\nDue\u00a0squadre su un palco, allestito come un vero campo da Hockey, si sfidano improvvisando su temi che vengono dati dal pubblico. A vigilare sul loro comportamento un severo <strong>arbitro<\/strong> e dopo ogni improvvisazione un altrettanto severo giudice:\u00a0il <strong>pubblico<\/strong>, chiamato a votare la squadra che meglio ha improvvisato!<\/p>\n<p>Nato in via sperimentale, il match viene diffuso per sette anni in diretta televisiva e diventa in Canada un fenomeno nazionale, diffondendosi poi a macchia d\u2019olio in varie parti del mondo. Nascono cos\u00ec le varie \u201cLeghe di improvvisazione\u201d nazionali, prima nel mondo francofono europeo (Francia, Belgio e Svizzera) e poi nelle altre parti del mondo: Messico, Argentina, Stati Uniti, Spagna, Costa d\u2019Avorio, Zaire, Antille, Guyana, Brasile ecc.<\/p>\n<p>I match sbarcano in Italia, su iniziativa di <a href=\"http:\/\/www.francescoburroni.it\/\"><strong>Francesco Burroni<\/strong><\/a>, nel 1989. A Firenze viene presentato il primo <img loading=\"lazy\" decoding=\"async\" class=\"size-medium wp-image-1489 alignright\" src=\"https:\/\/legaimprovvisazionefirenze.it\/wordpress\/wp-content\/uploads\/2018\/01\/Yvon-Leduc-e-Francesco-Burroni1-300x225.jpg\" alt=\"\" width=\"300\" height=\"225\" srcset=\"https:\/\/legaimprovvisazionefirenze.it\/wordpress\/wp-content\/uploads\/2018\/01\/Yvon-Leduc-e-Francesco-Burroni1-300x225.jpg 300w, https:\/\/legaimprovvisazionefirenze.it\/wordpress\/wp-content\/uploads\/2018\/01\/Yvon-Leduc-e-Francesco-Burroni1.jpg 640w\" sizes=\"(max-width: 300px) 100vw, 300px\" \/>campionato nazionale. Il progetto si diffonde poi rapidamente in altre citt\u00e0 italiane dove vengono attualmente tenuti dei corsi di formazione sul teatro di improvvisazione.<\/p>\n<p>La nazionale italiana di improvvisazione, che ha all\u2019attivo numerose tourn\u00e9es all\u2019estero, ha vinto nel 1998 a Lille il <strong>campionato del mondo di improvvisazione teatrale FRANCE 98<\/strong>.<\/p>\n<p>Per maggiori informazioni visitate il sito nazionale dei Match di Improvvisazione Teatrale:\u00a0<a href=\"http:\/\/www.matchdimprovvisazioneteatrale.it\/\">www.matchdimprovvisazioneteatrale.it<\/a><\/p>\n<p>&nbsp;<\/p>\n<p>&nbsp;<\/p>\n<p>&nbsp;<\/p>\n<h4><\/h4>\n<p>&nbsp;<\/p>\n","protected":false},"excerpt":{"rendered":"<p>&#8220;Non pi\u00f9 ottico ma spacciatore di lenti, per improvvisare occhi contenti, perch\u00e9 le pupille abituate a copiare inventino i mondi sui quali guardare.&#8220; da Un ottico &#8211; Fabrizio De Andr\u00e9 &#8230;<\/p>\n","protected":false},"author":3,"featured_media":0,"parent":0,"menu_order":0,"comment_status":"closed","ping_status":"closed","template":"","meta":{"footnotes":""},"class_list":["post-1486","page","type-page","status-publish","hentry"],"_links":{"self":[{"href":"https:\/\/legaimprovvisazionefirenze.it\/wordpress\/wp-json\/wp\/v2\/pages\/1486"}],"collection":[{"href":"https:\/\/legaimprovvisazionefirenze.it\/wordpress\/wp-json\/wp\/v2\/pages"}],"about":[{"href":"https:\/\/legaimprovvisazionefirenze.it\/wordpress\/wp-json\/wp\/v2\/types\/page"}],"author":[{"embeddable":true,"href":"https:\/\/legaimprovvisazionefirenze.it\/wordpress\/wp-json\/wp\/v2\/users\/3"}],"replies":[{"embeddable":true,"href":"https:\/\/legaimprovvisazionefirenze.it\/wordpress\/wp-json\/wp\/v2\/comments?post=1486"}],"version-history":[{"count":1,"href":"https:\/\/legaimprovvisazionefirenze.it\/wordpress\/wp-json\/wp\/v2\/pages\/1486\/revisions"}],"predecessor-version":[{"id":1490,"href":"https:\/\/legaimprovvisazionefirenze.it\/wordpress\/wp-json\/wp\/v2\/pages\/1486\/revisions\/1490"}],"wp:attachment":[{"href":"https:\/\/legaimprovvisazionefirenze.it\/wordpress\/wp-json\/wp\/v2\/media?parent=1486"}],"curies":[{"name":"wp","href":"https:\/\/api.w.org\/{rel}","templated":true}]}}